{"id":49,"date":"2022-02-06T21:34:45","date_gmt":"2022-02-06T21:34:45","guid":{"rendered":"https:\/\/simplepadel.com\/?page_id=49"},"modified":"2023-07-05T09:15:58","modified_gmt":"2023-07-05T09:15:58","slug":"o","status":"publish","type":"page","link":"https:\/\/simplepadel.com\/pl\/o\/","title":{"rendered":"O"},"content":{"rendered":"<div class=\"wp-block-cover alignfull is-light\" style=\"min-height:70vh;aspect-ratio:unset;\"><span aria-hidden=\"true\" class=\"wp-block-cover__background has-background-dim-100 has-background-dim\" style=\"background-color:#d1e4dd\"><\/span><div class=\"wp-block-cover__inner-container is-layout-flow wp-block-cover-is-layout-flow\">\n<h1 class=\"wp-block-heading has-text-align-center has-primary-color has-text-color\" id=\"created-by-players-for-players\">Stworzone przez graczy <br>dla graczy<\/h1>\n\n\n\n<p class=\"has-text-align-center has-primary-color has-text-color\">- Kolega z dru\u017cyny, kt\u00f3rego ka\u017cdy powinien mie\u0107 -<\/p>\n<\/div><\/div>\n\n\n\n<div class=\"wp-block-group alignfull has-background-background-color has-background tw-top-shape-organic\"><div class=\"wp-block-group__inner-container is-layout-flow wp-block-group-is-layout-flow\">\n<p class=\"has-text-align-center has-h-4-font-size\" style=\"line-height:1.4\">SimplePadel to strona po\u015bwi\u0119cona <a href=\"\/pl\/recenzje\/\">przegl\u0105d wszystkich rzeczy zwi\u0105zanych z padem<\/a>. Mamy recenzje <a href=\"https:\/\/simplepadel.com\/pl\/rakietki-do-padla\/\">rakietki do padla<\/a>, <a href=\"https:\/\/simplepadel.com\/pl\/buty-do-padla\/\">buty do padla<\/a> i akcesoria, kt\u00f3re pomog\u0105 Ci poprawi\u0107 swoj\u0105 gr\u0119. <\/p>\n\n\n\n<p class=\"has-text-align-center has-h-4-font-size\" style=\"line-height:1.4\">Wiemy, jak to jest by\u0107 zagubionym w morzu wybor\u00f3w, gdy pr\u00f3buje si\u0119 znale\u017a\u0107 co\u015b nowego do swojej gry.<\/p>\n<\/div><\/div>\n\n\n\n<div class=\"wp-block-group alignfull has-subtle-background-background-color has-background\"><div class=\"wp-block-group__inner-container is-layout-flow wp-block-group-is-layout-flow\">\n<h2 class=\"wp-block-heading has-text-align-center\" id=\"our-commitments-and-actions-to-improve-you-as-a-player\">Nasze zobowi\u0105zania i dzia\u0142ania maj\u0105ce na celu ulepszenie ciebie jako gracza<\/h2>\n\n\n\n<div class=\"wp-block-columns alignwide tw-justify-center has-text-align-center tw-gutter-large is-layout-flex wp-container-core-columns-is-layout-d0b3c9c8 wp-block-columns-is-layout-flex\">\n<div class=\"wp-block-column is-layout-flow wp-block-column-is-layout-flow\"><div class=\"wp-block-image is-style-rounded\">\n<figure class=\"aligncenter size-full is-resized\"><img loading=\"lazy\" decoding=\"async\" src=\"https:\/\/simplepadel.com\/wp-content\/uploads\/2022\/02\/tennisball.png\" alt=\"\" class=\"wp-image-80\" width=\"128\" height=\"128\" srcset=\"https:\/\/simplepadel.com\/wp-content\/uploads\/2022\/02\/tennisball.png 512w, https:\/\/simplepadel.com\/wp-content\/uploads\/2022\/02\/tennisball-300x300.png 300w, https:\/\/simplepadel.com\/wp-content\/uploads\/2022\/02\/tennisball-150x150.png 150w\" sizes=\"auto, (max-width: 128px) 100vw, 128px\" \/><\/figure>\n<\/div>\n\n\n<h3 class=\"wp-block-heading has-h-5-font-size\" id=\"our-vision\">Nasza wizja<\/h3>\n\n\n\n<p>Pomagamy wybra\u0107 sprz\u0119t do padla w bezstronny spos\u00f3b. Akceptujemy tylko recenzje napisane przez graczy, dla graczy. Naszym celem jest dostarczenie ci wszystkich informacji potrzebnych do podj\u0119cia najlepszej decyzji przy zakupie produktu poprawiaj\u0105cego twoj\u0105 gr\u0119 w padla.<\/p>\n<\/div>\n\n\n\n<div class=\"wp-block-column is-layout-flow wp-block-column-is-layout-flow\"><div class=\"wp-block-image is-style-tw-rounded-corners\">\n<figure class=\"aligncenter size-full is-resized\"><img loading=\"lazy\" decoding=\"async\" src=\"https:\/\/simplepadel.com\/wp-content\/uploads\/2022\/02\/sneakers.png\" alt=\"\" class=\"wp-image-82\" width=\"128\" height=\"128\" srcset=\"https:\/\/simplepadel.com\/wp-content\/uploads\/2022\/02\/sneakers.png 512w, https:\/\/simplepadel.com\/wp-content\/uploads\/2022\/02\/sneakers-300x300.png 300w, https:\/\/simplepadel.com\/wp-content\/uploads\/2022\/02\/sneakers-150x150.png 150w\" sizes=\"auto, (max-width: 128px) 100vw, 128px\" \/><\/figure>\n<\/div>\n\n\n<h3 class=\"wp-block-heading has-h-5-font-size\" id=\"our-mission\">Nasza misja<\/h3>\n\n\n\n<p>Pomagamy sta\u0107 si\u0119 lepszym graczem. Opr\u00f3cz recenzji sprz\u0119tu, dostarczamy wiadomo\u015bci ze \u015bwiata padla i treningu <a href=\"https:\/\/simplepadel.com\/pl\/padel-university\/\">Wskaz\u00f3wki, jak poprawi\u0107 swoje umiej\u0119tno\u015bci na korcie<\/a>. Dla nas pasja do tego sportu to bycie cz\u0119\u015bci\u0105 wielkiej rodziny, w kt\u00f3rej ka\u017cdy mo\u017ce si\u0119 rozwija\u0107 w zdrowym \u015brodowisku.<\/p>\n<\/div>\n\n\n\n<div class=\"wp-block-column is-layout-flow wp-block-column-is-layout-flow\"><div class=\"wp-block-image is-style-tw-rounded-corners\">\n<figure class=\"aligncenter size-full is-resized\"><img loading=\"lazy\" decoding=\"async\" src=\"https:\/\/simplepadel.com\/wp-content\/uploads\/2022\/02\/wristband.png\" alt=\"\" class=\"wp-image-83\" width=\"128\" height=\"128\" srcset=\"https:\/\/simplepadel.com\/wp-content\/uploads\/2022\/02\/wristband.png 512w, https:\/\/simplepadel.com\/wp-content\/uploads\/2022\/02\/wristband-300x300.png 300w, https:\/\/simplepadel.com\/wp-content\/uploads\/2022\/02\/wristband-150x150.png 150w\" sizes=\"auto, (max-width: 128px) 100vw, 128px\" \/><\/figure>\n<\/div>\n\n\n<h3 class=\"wp-block-heading has-h-5-font-size\" id=\"our-values\">Nasze warto\u015bci<\/h3>\n\n\n\n<p>Spo\u0142eczno\u015b\u0107 Padel jest naszym g\u0142\u00f3wnym celem. Wierzymy, \u017ce przysz\u0142o\u015b\u0107 padla le\u017cy w was i chcemy by\u0107 cz\u0119\u015bci\u0105 waszego rozwoju w tym sporcie. Zawsze b\u0119dziemy u waszego boku, wspieraj\u0105c was w waszych projektach i marzeniach, poniewa\u017c nie ma silniejszej wi\u0119zi ni\u017c wsp\u00f3lna pasja.<\/p>\n<\/div>\n<\/div>\n<\/div><\/div>\n\n\n\n<div class=\"wp-block-group alignfull\"><div class=\"wp-block-group__inner-container is-layout-flow wp-block-group-is-layout-flow\">\n<h2 class=\"wp-block-heading has-text-align-center tw-mb-4\" id=\"a-look-at-the-last-five-years\">Spojrzenie na ostatnie pi\u0119\u0107 lat<\/h2>\n\n\n\n<p class=\"has-text-align-center has-medium-font-size\">Ostatnie pi\u0119\u0107 lat Padla, czyli Padel Tennis, obfitowa\u0142o w kamienie milowe i rekordy. Widzieli\u015bmy eksplozj\u0119 liczby turniej\u00f3w i zawod\u00f3w na wszystkich kontynentach, a tak\u017ce wzrost jako\u015bci ka\u017cdego wydarzenia.<\/p>\n\n\n\n<p class=\"has-text-align-center\">Najnowszym krajem, kt\u00f3ry przyj\u0105\u0142 Padel, gdzie sport ten rozwija si\u0119 obecnie w naprawd\u0119 szybkim tempie, jest <a href=\"https:\/\/simplepadel.com\/pl\/padel-w-usa\/\">Stany Zjednoczone<\/a>. To <a href=\"https:\/\/simplepadel.com\/pl\/pickleball-vs-pop-tenis-vs-padel-roznice\/\">pickleball<\/a> Szalony nar\u00f3d odnotowuje teraz gwa\u0142towny wzrost, a tak\u017ce utworzy\u0142 <a href=\"https:\/\/simplepadel.com\/pl\/co-to-jest-polnocnoamerykanska-liga-pro-padel-ppl\/\">nowa liga zawodowa w 2023 roku<\/a>.<\/p>\n\n\n\n<div class=\"wp-block-columns alignwide has-text-align-center is-layout-flex wp-container-core-columns-is-layout-d0b3c9c8 wp-block-columns-is-layout-flex\">\n<div class=\"wp-block-column is-layout-flow wp-block-column-is-layout-flow\">\n<p class=\"tw-mb-2\" style=\"font-size:50px;line-height:1.2\">350,000<\/p>\n\n\n\n<p>Nowi gracze co roku<\/p>\n<\/div>\n\n\n\n<div class=\"wp-block-column is-layout-flow wp-block-column-is-layout-flow\">\n<p class=\"tw-mb-2\" style=\"font-size:50px;line-height:1.2\">50,000<\/p>\n\n\n\n<p>Korty do padla na ca\u0142ym \u015bwiecie<\/p>\n<\/div>\n\n\n\n<div class=\"wp-block-column is-layout-flow wp-block-column-is-layout-flow\">\n<p class=\"tw-mb-2\" style=\"font-size:50px;line-height:1.2\">25M<\/p>\n\n\n\n<p>Gracze Padel<\/p>\n<\/div>\n<\/div>\n<\/div><\/div>\n\n\n\n<div class=\"wp-block-group alignfull has-subtle-background-background-color has-background\"><div class=\"wp-block-group__inner-container is-layout-flow wp-block-group-is-layout-flow\">\n<h2 class=\"wp-block-heading has-text-align-center tw-mb-8\" id=\"the-three-pillars-of-our-padel-philosophy\">Trzy filary naszej dzia\u0142alno\u015bci <br>Filozofia Padla<\/h2>\n\n\n\n<div class=\"wp-block-group alignwide tw-rounded has-background\" style=\"background-color:#d1e4dd\"><div class=\"wp-block-group__inner-container is-layout-flow wp-block-group-is-layout-flow\"><div class=\"wp-block-image tw-mb-5\">\n<figure class=\"aligncenter is-resized\"><img loading=\"lazy\" decoding=\"async\" src=\"https:\/\/s.w.org\/images\/core\/emoji\/13.0.1\/svg\/1f30e.svg\" alt=\"\" width=\"68\" height=\"68\"\/><\/figure>\n<\/div>\n\n\n<h3 class=\"wp-block-heading has-text-align-center tw-mb-4 tw-mt-0 has-h-4-font-size\" id=\"the-global-game\">Globalna gra<\/h3>\n\n\n\n<p class=\"has-text-align-center\">Wierzymy, \u017ce padel jest dla ka\u017cdego, niezale\u017cnie od miejsca zamieszkania. W SimplePadel mamy graczy z ca\u0142ego \u015bwiata i chcemy, aby ka\u017cdy m\u00f3g\u0142 cieszy\u0107 si\u0119 tym sportem. Niezale\u017cnie od tego, czy mieszkasz w du\u017cym czy ma\u0142ym kraju, naszym celem jest pom\u00f3c ci sta\u0107 si\u0119 lepszym graczem.<\/p>\n<\/div><\/div>\n\n\n\n<div class=\"wp-block-columns alignwide tw-mt-6 tw-cols-rounded tw-stretched-blocks is-layout-flex wp-container-core-columns-is-layout-d0b3c9c8 wp-block-columns-is-layout-flex\">\n<div class=\"wp-block-column is-layout-flow wp-block-column-is-layout-flow\">\n<div class=\"wp-block-group has-background\" style=\"background-color:#d1dfe4\"><div class=\"wp-block-group__inner-container is-layout-flow wp-block-group-is-layout-flow\"><div class=\"wp-block-image tw-mb-5\">\n<figure class=\"aligncenter is-resized\"><img loading=\"lazy\" decoding=\"async\" src=\"https:\/\/s.w.org\/images\/core\/emoji\/13.0.1\/svg\/1f4a7.svg\" alt=\"\" width=\"68\" height=\"68\"\/><\/figure>\n<\/div>\n\n\n<h3 class=\"wp-block-heading has-text-align-center tw-mt-0 has-h-4-font-size\" id=\"fun-for-everyone\">Zabawa dla ka\u017cdego<\/h3>\n\n\n\n<p class=\"has-text-align-center\">Trening jest kluczowym elementem doskonalenia umiej\u0119tno\u015bci, ale chcemy, aby\u015b dobrze si\u0119 przy tym bawi\u0142. Je\u015bli nie b\u0119dziesz si\u0119 dobrze bawi\u0107 \u0107wicz\u0105c Padel, jest ma\u0142o prawdopodobne, \u017ce poprawisz swoj\u0105 gr\u0119.<\/p>\n<\/div><\/div>\n<\/div>\n\n\n\n<div class=\"wp-block-column is-layout-flow wp-block-column-is-layout-flow\">\n<div class=\"wp-block-group has-background\" style=\"background-color:#d1d1e4\"><div class=\"wp-block-group__inner-container is-layout-flow wp-block-group-is-layout-flow\"><div class=\"wp-block-image tw-mb-5\">\n<figure class=\"aligncenter is-resized\"><img loading=\"lazy\" decoding=\"async\" src=\"https:\/\/s.w.org\/images\/core\/emoji\/13.0.1\/svg\/1f31c.svg\" alt=\"\" width=\"68\" height=\"68\"\/><\/figure>\n<\/div>\n\n\n<h3 class=\"wp-block-heading has-text-align-center tw-mt-0 has-h-4-font-size\" id=\"sustainability-in-equipment\">Zr\u00f3wnowa\u017cony rozw\u00f3j w sprz\u0119cie<\/h3>\n\n\n\n<p class=\"has-text-align-center\">Opr\u00f3cz dost\u0119pno\u015bci, wysokiej jako\u015bci sprz\u0119t musi by\u0107 zr\u00f3wnowa\u017cony. Nie popieramy korzystania z produkt\u00f3w, kt\u00f3re maj\u0105 negatywny wp\u0142yw na nasz\u0105 planet\u0119.<\/p>\n<\/div><\/div>\n<\/div>\n<\/div>\n<\/div><\/div>\n\n\n\n<div class=\"wp-block-group alignfull\"><div class=\"wp-block-group__inner-container is-layout-flow wp-block-group-is-layout-flow\">\n<div class=\"wp-block-media-text alignwide is-stacked-on-mobile is-style-tw-overlap has-background\" style=\"background-color:#eeeadd;grid-template-columns:60% auto\"><figure class=\"wp-block-media-text__media\"><img loading=\"lazy\" decoding=\"async\" width=\"1000\" height=\"667\" src=\"https:\/\/simplepadel.com\/wp-content\/uploads\/2022\/02\/MoreThanaGame-SimplePadel.jpeg\" alt=\"\" class=\"wp-image-107 size-full\" srcset=\"https:\/\/simplepadel.com\/wp-content\/uploads\/2022\/02\/MoreThanaGame-SimplePadel.jpeg 1000w, https:\/\/simplepadel.com\/wp-content\/uploads\/2022\/02\/MoreThanaGame-SimplePadel-300x200.jpeg 300w, https:\/\/simplepadel.com\/wp-content\/uploads\/2022\/02\/MoreThanaGame-SimplePadel-768x512.jpeg 768w\" sizes=\"auto, (max-width: 1000px) 100vw, 1000px\" \/><\/figure><div class=\"wp-block-media-text__content\">\n<h2 class=\"wp-block-heading tw-mb-4 has-h-3-font-size\" id=\"more-than-padel\">Wi\u0119cej ni\u017c Padel<\/h2>\n\n\n\n<p>Padel jest tym, co nas \u0142\u0105czy, ale to nie wszystko, co nas definiuje. Ludzie s\u0105 najwa\u017cniejsz\u0105 cz\u0119\u015bci\u0105 tego sportu i chcemy pom\u00f3c poprawi\u0107 wra\u017cenia z gry w padla bez wzgl\u0119du na to, gdzie jeste\u015b na \u015bwiecie.<\/p>\n<\/div><\/div>\n<\/div><\/div>","protected":false},"excerpt":{"rendered":"<p>SimplePadel to strona po\u015bwi\u0119cona recenzowaniu wszystkich rzeczy zwi\u0105zanych z gr\u0105 w padla. Mamy recenzje rakiet do padla, but\u00f3w do padla i akcesori\u00f3w, kt\u00f3re pomog\u0105 ci poprawi\u0107 swoj\u0105 gr\u0119. Wiemy, jak to jest by\u0107 zagubionym w morzu wybor\u00f3w, gdy pr\u00f3bujesz znale\u017a\u0107 co\u015b nowego do swojej gry. Nasze zobowi\u0105zania i dzia\u0142ania na rzecz...<\/p>","protected":false},"author":2,"featured_media":0,"parent":0,"menu_order":0,"comment_status":"closed","ping_status":"closed","template":"tw-header-transparent.php","meta":{"footnotes":""},"class_list":["post-49","page","type-page","status-publish","hentry"],"yoast_head":"<!-- This site is optimized with the Yoast SEO plugin v27.4 - https:\/\/yoast.com\/product\/yoast-seo-wordpress\/ -->\n<title>About us - SimplePadel<\/title>\n<meta name=\"description\" content=\"Created by players, for players. We have reviews of rackets, shoes and accessories as well as guides that will help you improve your game.\" \/>\n<meta name=\"robots\" content=\"index, follow, max-snippet:-1, max-image-preview:large, max-video-preview:-1\" \/>\n<link rel=\"canonical\" href=\"https:\/\/simplepadel.com\/pl\/o\/\" \/>\n<meta property=\"og:locale\" content=\"pl_PL\" \/>\n<meta property=\"og:type\" content=\"article\" \/>\n<meta property=\"og:title\" content=\"About us - SimplePadel\" \/>\n<meta property=\"og:description\" content=\"Created by players, for players. We have reviews of rackets, shoes and accessories as well as guides that will help you improve your game.\" \/>\n<meta property=\"og:url\" content=\"https:\/\/simplepadel.com\/pl\/o\/\" \/>\n<meta property=\"og:site_name\" content=\"SimplePadel\" \/>\n<meta property=\"article:publisher\" content=\"https:\/\/www.facebook.com\/SimplePadel\/\" \/>\n<meta property=\"article:modified_time\" content=\"2023-07-05T09:15:58+00:00\" \/>\n<meta property=\"og:image\" content=\"https:\/\/simplepadel.com\/wp-content\/uploads\/2022\/02\/tennisball.png\" \/>\n<meta name=\"twitter:card\" content=\"summary_large_image\" \/>\n<meta name=\"twitter:label1\" content=\"Szacowany czas czytania\" \/>\n\t<meta name=\"twitter:data1\" content=\"4 minuty\" \/>\n<script type=\"application\/ld+json\" class=\"yoast-schema-graph\">{\"@context\":\"https:\\\/\\\/schema.org\",\"@graph\":[{\"@type\":[\"WebPage\",\"AboutPage\"],\"@id\":\"https:\\\/\\\/simplepadel.com\\\/about\\\/\",\"url\":\"https:\\\/\\\/simplepadel.com\\\/about\\\/\",\"name\":\"About us - SimplePadel\",\"isPartOf\":{\"@id\":\"https:\\\/\\\/simplepadel.com\\\/#website\"},\"primaryImageOfPage\":{\"@id\":\"https:\\\/\\\/simplepadel.com\\\/about\\\/#primaryimage\"},\"image\":{\"@id\":\"https:\\\/\\\/simplepadel.com\\\/about\\\/#primaryimage\"},\"thumbnailUrl\":\"https:\\\/\\\/simplepadel.com\\\/wp-content\\\/uploads\\\/2022\\\/02\\\/tennisball.png\",\"datePublished\":\"2022-02-06T21:34:45+00:00\",\"dateModified\":\"2023-07-05T09:15:58+00:00\",\"description\":\"Created by players, for players. We have reviews of rackets, shoes and accessories as well as guides that will help you improve your game.\",\"breadcrumb\":{\"@id\":\"https:\\\/\\\/simplepadel.com\\\/about\\\/#breadcrumb\"},\"inLanguage\":\"pl-PL\",\"potentialAction\":[{\"@type\":\"ReadAction\",\"target\":[\"https:\\\/\\\/simplepadel.com\\\/about\\\/\"]}]},{\"@type\":\"ImageObject\",\"inLanguage\":\"pl-PL\",\"@id\":\"https:\\\/\\\/simplepadel.com\\\/about\\\/#primaryimage\",\"url\":\"https:\\\/\\\/simplepadel.com\\\/wp-content\\\/uploads\\\/2022\\\/02\\\/tennisball.png\",\"contentUrl\":\"https:\\\/\\\/simplepadel.com\\\/wp-content\\\/uploads\\\/2022\\\/02\\\/tennisball.png\"},{\"@type\":\"BreadcrumbList\",\"@id\":\"https:\\\/\\\/simplepadel.com\\\/about\\\/#breadcrumb\",\"itemListElement\":[{\"@type\":\"ListItem\",\"position\":1,\"name\":\"Home\",\"item\":\"https:\\\/\\\/simplepadel.com\\\/\"},{\"@type\":\"ListItem\",\"position\":2,\"name\":\"About\"}]},{\"@type\":\"WebSite\",\"@id\":\"https:\\\/\\\/simplepadel.com\\\/#website\",\"url\":\"https:\\\/\\\/simplepadel.com\\\/\",\"name\":\"SimplePadel\",\"description\":\"Everything Padel, it&#039;s SimplePadel!\",\"publisher\":{\"@id\":\"https:\\\/\\\/simplepadel.com\\\/#organization\"},\"potentialAction\":[{\"@type\":\"SearchAction\",\"target\":{\"@type\":\"EntryPoint\",\"urlTemplate\":\"https:\\\/\\\/simplepadel.com\\\/?s={search_term_string}\"},\"query-input\":{\"@type\":\"PropertyValueSpecification\",\"valueRequired\":true,\"valueName\":\"search_term_string\"}}],\"inLanguage\":\"pl-PL\"},{\"@type\":\"Organization\",\"@id\":\"https:\\\/\\\/simplepadel.com\\\/#organization\",\"name\":\"SimplePadel\",\"url\":\"https:\\\/\\\/simplepadel.com\\\/\",\"logo\":{\"@type\":\"ImageObject\",\"inLanguage\":\"pl-PL\",\"@id\":\"https:\\\/\\\/simplepadel.com\\\/#\\\/schema\\\/logo\\\/image\\\/\",\"url\":\"https:\\\/\\\/simplepadel.com\\\/wp-content\\\/uploads\\\/2022\\\/02\\\/padel-icon.png\",\"contentUrl\":\"https:\\\/\\\/simplepadel.com\\\/wp-content\\\/uploads\\\/2022\\\/02\\\/padel-icon.png\",\"width\":600,\"height\":600,\"caption\":\"SimplePadel\"},\"image\":{\"@id\":\"https:\\\/\\\/simplepadel.com\\\/#\\\/schema\\\/logo\\\/image\\\/\"},\"sameAs\":[\"https:\\\/\\\/www.facebook.com\\\/SimplePadel\\\/\"]}]}<\/script>\n<!-- \/ Yoast SEO plugin. -->","yoast_head_json":{"title":"O nas - SimplePadel","description":"Stworzony przez graczy, dla graczy. Mamy recenzje rakiet, but\u00f3w i akcesori\u00f3w, a tak\u017ce poradniki, kt\u00f3re pomog\u0105 ci poprawi\u0107 swoj\u0105 gr\u0119.","robots":{"index":"index","follow":"follow","max-snippet":"max-snippet:-1","max-image-preview":"max-image-preview:large","max-video-preview":"max-video-preview:-1"},"canonical":"https:\/\/simplepadel.com\/pl\/o\/","og_locale":"pl_PL","og_type":"article","og_title":"About us - SimplePadel","og_description":"Created by players, for players. We have reviews of rackets, shoes and accessories as well as guides that will help you improve your game.","og_url":"https:\/\/simplepadel.com\/pl\/o\/","og_site_name":"SimplePadel","article_publisher":"https:\/\/www.facebook.com\/SimplePadel\/","article_modified_time":"2023-07-05T09:15:58+00:00","og_image":[{"url":"https:\/\/simplepadel.com\/wp-content\/uploads\/2022\/02\/tennisball.png","type":"","width":"","height":""}],"twitter_card":"summary_large_image","twitter_misc":{"Szacowany czas czytania":"4 minuty"},"schema":{"@context":"https:\/\/schema.org","@graph":[{"@type":["WebPage","AboutPage"],"@id":"https:\/\/simplepadel.com\/about\/","url":"https:\/\/simplepadel.com\/about\/","name":"O nas - SimplePadel","isPartOf":{"@id":"https:\/\/simplepadel.com\/#website"},"primaryImageOfPage":{"@id":"https:\/\/simplepadel.com\/about\/#primaryimage"},"image":{"@id":"https:\/\/simplepadel.com\/about\/#primaryimage"},"thumbnailUrl":"https:\/\/simplepadel.com\/wp-content\/uploads\/2022\/02\/tennisball.png","datePublished":"2022-02-06T21:34:45+00:00","dateModified":"2023-07-05T09:15:58+00:00","description":"Stworzony przez graczy, dla graczy. Mamy recenzje rakiet, but\u00f3w i akcesori\u00f3w, a tak\u017ce poradniki, kt\u00f3re pomog\u0105 ci poprawi\u0107 swoj\u0105 gr\u0119.","breadcrumb":{"@id":"https:\/\/simplepadel.com\/about\/#breadcrumb"},"inLanguage":"pl-PL","potentialAction":[{"@type":"ReadAction","target":["https:\/\/simplepadel.com\/about\/"]}]},{"@type":"ImageObject","inLanguage":"pl-PL","@id":"https:\/\/simplepadel.com\/about\/#primaryimage","url":"https:\/\/simplepadel.com\/wp-content\/uploads\/2022\/02\/tennisball.png","contentUrl":"https:\/\/simplepadel.com\/wp-content\/uploads\/2022\/02\/tennisball.png"},{"@type":"BreadcrumbList","@id":"https:\/\/simplepadel.com\/about\/#breadcrumb","itemListElement":[{"@type":"ListItem","position":1,"name":"Home","item":"https:\/\/simplepadel.com\/"},{"@type":"ListItem","position":2,"name":"About"}]},{"@type":"WebSite","@id":"https:\/\/simplepadel.com\/#website","url":"https:\/\/simplepadel.com\/","name":"SimplePadel","description":"Wszystko Padel, to SimplePadel!","publisher":{"@id":"https:\/\/simplepadel.com\/#organization"},"potentialAction":[{"@type":"SearchAction","target":{"@type":"EntryPoint","urlTemplate":"https:\/\/simplepadel.com\/?s={search_term_string}"},"query-input":{"@type":"PropertyValueSpecification","valueRequired":true,"valueName":"search_term_string"}}],"inLanguage":"pl-PL"},{"@type":"Organization","@id":"https:\/\/simplepadel.com\/#organization","name":"SimplePadel","url":"https:\/\/simplepadel.com\/","logo":{"@type":"ImageObject","inLanguage":"pl-PL","@id":"https:\/\/simplepadel.com\/#\/schema\/logo\/image\/","url":"https:\/\/simplepadel.com\/wp-content\/uploads\/2022\/02\/padel-icon.png","contentUrl":"https:\/\/simplepadel.com\/wp-content\/uploads\/2022\/02\/padel-icon.png","width":600,"height":600,"caption":"SimplePadel"},"image":{"@id":"https:\/\/simplepadel.com\/#\/schema\/logo\/image\/"},"sameAs":["https:\/\/www.facebook.com\/SimplePadel\/"]}]}},"yoast_title":"%%title%% us %%sep%% %%sitename%%","yoast_description":"Created by players, for players. We have reviews of rackets, shoes and accessories as well as guides that will help you improve your game.","yoast_keyword":"","_links":{"self":[{"href":"https:\/\/simplepadel.com\/pl\/wp-json\/wp\/v2\/pages\/49","targetHints":{"allow":["GET"]}}],"collection":[{"href":"https:\/\/simplepadel.com\/pl\/wp-json\/wp\/v2\/pages"}],"about":[{"href":"https:\/\/simplepadel.com\/pl\/wp-json\/wp\/v2\/types\/page"}],"author":[{"embeddable":true,"href":"https:\/\/simplepadel.com\/pl\/wp-json\/wp\/v2\/users\/2"}],"replies":[{"embeddable":true,"href":"https:\/\/simplepadel.com\/pl\/wp-json\/wp\/v2\/comments?post=49"}],"version-history":[{"count":9,"href":"https:\/\/simplepadel.com\/pl\/wp-json\/wp\/v2\/pages\/49\/revisions"}],"predecessor-version":[{"id":2370,"href":"https:\/\/simplepadel.com\/pl\/wp-json\/wp\/v2\/pages\/49\/revisions\/2370"}],"wp:attachment":[{"href":"https:\/\/simplepadel.com\/pl\/wp-json\/wp\/v2\/media?parent=49"}],"curies":[{"name":"wp","href":"https:\/\/api.w.org\/{rel}","templated":true}]}}