{"id":3,"date":"2022-02-04T08:53:14","date_gmt":"2022-02-04T08:53:14","guid":{"rendered":"https:\/\/simplepadel.com\/?page_id=3"},"modified":"2022-02-12T13:51:47","modified_gmt":"2022-02-12T13:51:47","slug":"polityka-prywatnosci","status":"publish","type":"page","link":"https:\/\/simplepadel.com\/pl\/polityka-prywatnosci\/","title":{"rendered":"Polityka prywatno\u015bci"},"content":{"rendered":"<p class=\"has-primary-color has-text-color\">Kochamy Padla. Padel nigdy nie by\u0142 bardziej dost\u0119pny i nadal przerasta wi\u0119kszo\u015b\u0107 innych sport\u00f3w.<br><br>Adres naszej strony internetowej to: https:\/\/simplepadel.com<\/p>\n\n\n\n<figure class=\"wp-block-pullquote has-primary-color has-text-color\"><blockquote><p>Jeste\u015bmy kolegami z dru\u017cyny, kt\u00f3rych ka\u017cdy powinien mie\u0107.<\/p><cite>SimplePadel.com<\/cite><\/blockquote><\/figure>\n\n\n\n<h2 class=\"has-primary-color has-text-color wp-block-heading\" id=\"comments\">Komentarze<\/h2>\n\n\n\n<p class=\"has-primary-color has-text-color\">Gdy odwiedzaj\u0105cy zostawiaj\u0105 komentarze na stronie, zbieramy dane wy\u015bwietlane w formularzu komentarzy, a tak\u017ce inne informacje, takie jak ci\u0105g agenta u\u017cytkownika przegl\u0105darki, aby pom\u00f3c naszej funkcji wykrywania spamu.<\/p>\n\n\n\n<p class=\"has-primary-color has-text-color\">Zanonimizowany ci\u0105g znak\u00f3w utworzony z adresu e-mail u\u017cytkownika (zwany r\u00f3wnie\u017c skr\u00f3tem) mo\u017ce zosta\u0107 przekazany do us\u0142ugi Gravatar w celu sprawdzenia, czy u\u017cytkownik z niej korzysta. Polityka prywatno\u015bci us\u0142ugi Gravatar jest dost\u0119pna tutaj: <a href=\"https:\/\/automattic.com\/privacy\/\" target=\"_blank\" rel=\"noreferrer noopener nofollow\">https:\/\/automattic.com\/privacy\/<\/a>. Po zatwierdzeniu komentarza zdj\u0119cie profilowe jest widoczne publicznie w kontek\u015bcie komentarza.<\/p>\n\n\n\n<h2 class=\"has-primary-color has-text-color wp-block-heading\" id=\"cookies\">Pliki cookie<\/h2>\n\n\n\n<p class=\"has-primary-color has-text-color\">Je\u015bli zostawisz komentarz na naszej stronie, mo\u017cesz wyrazi\u0107 zgod\u0119 na zapisanie swojego imienia i nazwiska, adresu e-mail i adresu URL witryny w plikach cookie. S\u0105 one przeznaczone dla wygody u\u017cytkownika, dzi\u0119ki czemu nie musi on ponownie wpisywa\u0107 swoich danych, gdy zostawia kolejny komentarz. Te pliki cookie b\u0119d\u0105 przechowywane przez rok.<\/p>\n\n\n\n<h2 class=\"has-primary-color has-text-color wp-block-heading\" id=\"direct-marketing\">Marketing bezpo\u015bredni<\/h2>\n\n\n\n<p class=\"has-primary-color has-text-color\">Mo\u017cemy wykorzystywa\u0107 dane osobowe u\u017cytkownika do wysy\u0142ania mu bezpo\u015brednich komunikat\u00f3w marketingowych dotycz\u0105cych produkt\u00f3w i us\u0142ug oferowanych przez nas i naszych partner\u00f3w. Mo\u017ce to mie\u0107 form\u0119 wiadomo\u015bci e-mail lub ukierunkowanych reklam internetowych w witrynie.<\/p>\n\n\n\n<p class=\"has-primary-color has-text-color\">Wykorzystywanie i przetwarzanie danych osobowych u\u017cytkownika w celu wysy\u0142ania mu elektronicznych wiadomo\u015bci marketingowych b\u0119dzie opiera\u0107 si\u0119 na zgodzie u\u017cytkownika na otrzymywanie takich wiadomo\u015bci. Je\u015bli jest to dozwolone przez prawo, b\u0119dzie to oparte na naszym uzasadnionym interesie. Pod warunkiem uzyskania zgody u\u017cytkownika, b\u0119dziemy korzysta\u0107 z us\u0142ug strony trzeciej, aby pom\u00f3c nam w przetwarzaniu danych osobowych u\u017cytkownika w celach marketingowych.<\/p>\n\n\n\n<p class=\"has-primary-color has-text-color\">W dowolnym momencie po uzyskaniu zgody u\u017cytkownika na wysy\u0142anie mu elektronicznych wiadomo\u015bci marketingowych, u\u017cytkownik zawsze ma prawo do rezygnacji z otrzymywania dalszych elektronicznych wiadomo\u015bci marketingowych w dowolnym momencie. U\u017cytkownik mo\u017ce skorzysta\u0107 z \u0142\u0105cza rezygnacji, kt\u00f3re znajduje si\u0119 we wszystkich bezpo\u015brednich elektronicznych wiadomo\u015bciach marketingowych.<\/p>\n\n\n\n<p class=\"has-primary-color has-text-color\">Podejmujemy kroki w celu ograniczenia marketingu bezpo\u015bredniego do rozs\u0105dnego i proporcjonalnego poziomu oraz wysy\u0142ania u\u017cytkownikowi wiadomo\u015bci, kt\u00f3re naszym zdaniem mog\u0105 by\u0107 dla niego interesuj\u0105ce lub istotne, w oparciu o informacje, kt\u00f3re posiadamy na jego temat.<\/p>\n\n\n\n<h2 class=\"has-primary-color has-text-color wp-block-heading\" id=\"affiliated-products-and-links\">Powi\u0105zane produkty i linki<\/h2>\n\n\n\n<p class=\"has-primary-color has-text-color\">Mo\u017cemy wy\u015bwietla\u0107 reklamy stron trzecich i inne tre\u015bci, kt\u00f3re zawieraj\u0105 \u0142\u0105cza do stron internetowych stron trzecich. W przypadku klikni\u0119cia na reklam\u0119 lub link strony trzeciej nale\u017cy pami\u0119ta\u0107, \u017ce u\u017cytkownik opuszcza nasz\u0105 witryn\u0119, a wszelkie podane przez niego dane b\u0119d\u0105 przetwarzane zgodnie z polityk\u0105 prywatno\u015bci i plik\u00f3w cookie danej strony trzeciej.<\/p>\n\n\n\n<h2 class=\"has-primary-color has-text-color wp-block-heading\" id=\"embedded-content-from-other-websites\">Osadzona zawarto\u015b\u0107 z innych stron internetowych<\/h2>\n\n\n\n<p class=\"has-primary-color has-text-color\">Artyku\u0142y na tej stronie mog\u0105 zawiera\u0107 osadzone tre\u015bci (np. filmy, obrazy, artyku\u0142y itp.). Osadzone tre\u015bci z innych witryn zachowuj\u0105 si\u0119 dok\u0142adnie tak samo, jak gdyby u\u017cytkownik odwiedzi\u0142 inn\u0105 witryn\u0119.<\/p>\n\n\n\n<p class=\"has-primary-color has-text-color\">Witryny te mog\u0105 gromadzi\u0107 dane o u\u017cytkowniku, wykorzystywa\u0107 pliki cookie, osadza\u0107 dodatkowe \u015bledzenie stron trzecich i monitorowa\u0107 interakcj\u0119 u\u017cytkownika z osadzon\u0105 zawarto\u015bci\u0105, w tym \u015bledzi\u0107 interakcj\u0119 u\u017cytkownika z osadzon\u0105 zawarto\u015bci\u0105, je\u015bli u\u017cytkownik ma konto i jest zalogowany w tej witrynie.<\/p>\n\n\n\n<h2 class=\"has-primary-color has-text-color wp-block-heading\" id=\"who-we-share-your-data-with\">Komu udost\u0119pniamy dane u\u017cytkownika<\/h2>\n\n\n\n<p class=\"has-primary-color has-text-color\">Wsp\u00f3\u0142pracujemy ze stronami trzecimi, aby pom\u00f3c w zarz\u0105dzaniu nasz\u0105 dzia\u0142alno\u015bci\u0105 i \u015bwiadczeniu us\u0142ug. Te osoby trzecie mog\u0105 od czasu do czasu potrzebowa\u0107 dost\u0119pu do danych osobowych u\u017cytkownika:<\/p>\n\n\n\n<ul class=\"has-primary-color has-text-color wp-block-list\"><li>Nasz dostawca wtyczek i host WordPress.com Automattic, Inc. z siedzib\u0105 w USA, kt\u00f3ry posiada certyfikat Privacy Shield.&nbsp;<a href=\"https:\/\/www.privacyshield.gov\/participant?id=a2zt0000000CbqcAAC&amp;status=Active\" target=\"_blank\" rel=\"noreferrer noopener\">tutaj<\/a>&nbsp;i przetwarza dane osobowe w naszym imieniu;<\/li><li>Nasi dostawcy us\u0142ug w zakresie plik\u00f3w cookie (i podobnych technologii) (tacy jak Google), kt\u00f3rzy przetwarzaj\u0105 dane osobowe do w\u0142asnych cel\u00f3w jako administratorzy danych. <\/li><li>Dostawcy us\u0142ug lub podmioty przetwarzaj\u0105ce dane, kt\u00f3re przetwarzaj\u0105 dane osobowe u\u017cytkownika na nasze polecenie, na przyk\u0142ad us\u0142ugi w chmurze.<\/li><li>Je\u015bli jeste\u015bmy zobowi\u0105zani do ujawnienia informacji w celu wype\u0142nienia obowi\u0105zku prawnego lub ochrony naszych interes\u00f3w lub bezpiecze\u0144stwa.<\/li><\/ul>\n\n\n\n<h2 class=\"has-primary-color has-text-color wp-block-heading\" id=\"how-long-we-retain-your-data\">Jak d\u0142ugo przechowujemy dane u\u017cytkownika<\/h2>\n\n\n\n<p class=\"has-primary-color has-text-color\">Je\u015bli zostawisz komentarz, komentarz i jego metadane zostan\u0105 zachowane na czas nieokre\u015blony. Dzi\u0119ki temu mo\u017cemy automatycznie rozpoznawa\u0107 i zatwierdza\u0107 kolejne komentarze, zamiast trzyma\u0107 je w kolejce moderacji.<\/p>\n\n\n\n<p class=\"has-primary-color has-text-color\">W przypadku u\u017cytkownik\u00f3w, kt\u00f3rzy zarejestruj\u0105 si\u0119 na naszej stronie internetowej (je\u015bli istniej\u0105), przechowujemy r\u00f3wnie\u017c dane osobowe, kt\u00f3re podaj\u0105 w swoim profilu u\u017cytkownika. Wszyscy u\u017cytkownicy mog\u0105 przegl\u0105da\u0107, edytowa\u0107 lub usuwa\u0107 swoje dane osobowe w dowolnym momencie (z wyj\u0105tkiem tego, \u017ce nie mog\u0105 zmieni\u0107 swojej nazwy u\u017cytkownika). Administratorzy strony r\u00f3wnie\u017c mog\u0105 przegl\u0105da\u0107 i edytowa\u0107 te informacje.<\/p>\n\n\n\n<h2 class=\"has-primary-color has-text-color wp-block-heading\" id=\"what-rights-you-have-over-your-data\">Jakie prawa przys\u0142uguj\u0105 u\u017cytkownikowi w odniesieniu do jego danych<\/h2>\n\n\n\n<p class=\"has-primary-color has-text-color\">Je\u015bli masz konto na tej stronie lub zostawi\u0142e\u015b komentarze, mo\u017cesz poprosi\u0107 o otrzymanie wyeksportowanego pliku danych osobowych, kt\u00f3re przechowujemy na Tw\u00f3j temat, w tym wszelkich danych, kt\u00f3re nam przekaza\u0142e\u015b. U\u017cytkownik mo\u017ce r\u00f3wnie\u017c za\u017c\u0105da\u0107 usuni\u0119cia wszelkich przechowywanych przez nas jego danych osobowych. Nie obejmuje to \u017cadnych danych, kt\u00f3re jeste\u015bmy zobowi\u0105zani przechowywa\u0107 do cel\u00f3w administracyjnych, prawnych lub bezpiecze\u0144stwa.<\/p>\n\n\n\n<h2 class=\"has-primary-color has-text-color wp-block-heading\" id=\"where-we-send-your-data\">Gdzie wysy\u0142amy dane u\u017cytkownika<\/h2>\n\n\n\n<p class=\"has-primary-color has-text-color\">Komentarze odwiedzaj\u0105cych mog\u0105 by\u0107 sprawdzane przez automatyczn\u0105 us\u0142ug\u0119 wykrywania spamu.<\/p>","protected":false},"excerpt":{"rendered":"<p>Kochamy Padla. Padel nigdy nie by\u0142 bardziej dost\u0119pny i nadal przerasta wi\u0119kszo\u015b\u0107 innych sport\u00f3w. Adres naszej strony internetowej to: https:\/\/simplepadel.com Jeste\u015bmy koleg\u0105 z dru\u017cyny, kt\u00f3rego ka\u017cdy powinien mie\u0107. Komentarze SimplePadel.com Kiedy odwiedzaj\u0105cy zostawiaj\u0105 komentarze na stronie, zbieramy dane pokazane w formularzu komentarzy, a tak\u017ce inne informacje, takie jak przegl\u0105darka...<\/p>","protected":false},"author":3,"featured_media":0,"parent":0,"menu_order":0,"comment_status":"closed","ping_status":"closed","template":"","meta":{"footnotes":""},"class_list":["post-3","page","type-page","status-publish","hentry"],"yoast_head":"<!-- This site is optimized with the Yoast SEO plugin v27.4 - https:\/\/yoast.com\/product\/yoast-seo-wordpress\/ -->\n<title>Privacy Policy - SimplePadel<\/title>\n<meta name=\"description\" content=\"This is the privacy policy of SimplePadel.com. We will never ever sell your data.\" \/>\n<meta name=\"robots\" content=\"index, follow, max-snippet:-1, max-image-preview:large, max-video-preview:-1\" \/>\n<link rel=\"canonical\" href=\"https:\/\/simplepadel.com\/pl\/polityka-prywatnosci\/\" \/>\n<meta property=\"og:locale\" content=\"pl_PL\" \/>\n<meta property=\"og:type\" content=\"article\" \/>\n<meta property=\"og:title\" content=\"Privacy Policy - SimplePadel\" \/>\n<meta property=\"og:description\" content=\"This is the privacy policy of SimplePadel.com. We will never ever sell your data.\" \/>\n<meta property=\"og:url\" content=\"https:\/\/simplepadel.com\/pl\/polityka-prywatnosci\/\" \/>\n<meta property=\"og:site_name\" content=\"SimplePadel\" \/>\n<meta property=\"article:publisher\" content=\"https:\/\/www.facebook.com\/SimplePadel\/\" \/>\n<meta property=\"article:modified_time\" content=\"2022-02-12T13:51:47+00:00\" \/>\n<meta property=\"og:image\" content=\"https:\/\/simplepadel.com\/wp-content\/uploads\/2022\/02\/tennisball.png\" \/>\n\t<meta property=\"og:image:width\" content=\"512\" \/>\n\t<meta property=\"og:image:height\" content=\"512\" \/>\n\t<meta property=\"og:image:type\" content=\"image\/png\" \/>\n<meta name=\"twitter:card\" content=\"summary_large_image\" \/>\n<meta name=\"twitter:label1\" content=\"Szacowany czas czytania\" \/>\n\t<meta name=\"twitter:data1\" content=\"4 minuty\" \/>\n<script type=\"application\/ld+json\" class=\"yoast-schema-graph\">{\"@context\":\"https:\\\/\\\/schema.org\",\"@graph\":[{\"@type\":\"WebPage\",\"@id\":\"https:\\\/\\\/simplepadel.com\\\/privacy-policy\\\/\",\"url\":\"https:\\\/\\\/simplepadel.com\\\/privacy-policy\\\/\",\"name\":\"Privacy Policy - SimplePadel\",\"isPartOf\":{\"@id\":\"https:\\\/\\\/simplepadel.com\\\/#website\"},\"datePublished\":\"2022-02-04T08:53:14+00:00\",\"dateModified\":\"2022-02-12T13:51:47+00:00\",\"description\":\"This is the privacy policy of SimplePadel.com. We will never ever sell your data.\",\"breadcrumb\":{\"@id\":\"https:\\\/\\\/simplepadel.com\\\/privacy-policy\\\/#breadcrumb\"},\"inLanguage\":\"pl-PL\",\"potentialAction\":[{\"@type\":\"ReadAction\",\"target\":[\"https:\\\/\\\/simplepadel.com\\\/privacy-policy\\\/\"]}]},{\"@type\":\"BreadcrumbList\",\"@id\":\"https:\\\/\\\/simplepadel.com\\\/privacy-policy\\\/#breadcrumb\",\"itemListElement\":[{\"@type\":\"ListItem\",\"position\":1,\"name\":\"Home\",\"item\":\"https:\\\/\\\/simplepadel.com\\\/\"},{\"@type\":\"ListItem\",\"position\":2,\"name\":\"Privacy Policy\"}]},{\"@type\":\"WebSite\",\"@id\":\"https:\\\/\\\/simplepadel.com\\\/#website\",\"url\":\"https:\\\/\\\/simplepadel.com\\\/\",\"name\":\"SimplePadel\",\"description\":\"Everything Padel, it&#039;s SimplePadel!\",\"publisher\":{\"@id\":\"https:\\\/\\\/simplepadel.com\\\/#organization\"},\"potentialAction\":[{\"@type\":\"SearchAction\",\"target\":{\"@type\":\"EntryPoint\",\"urlTemplate\":\"https:\\\/\\\/simplepadel.com\\\/?s={search_term_string}\"},\"query-input\":{\"@type\":\"PropertyValueSpecification\",\"valueRequired\":true,\"valueName\":\"search_term_string\"}}],\"inLanguage\":\"pl-PL\"},{\"@type\":\"Organization\",\"@id\":\"https:\\\/\\\/simplepadel.com\\\/#organization\",\"name\":\"SimplePadel\",\"url\":\"https:\\\/\\\/simplepadel.com\\\/\",\"logo\":{\"@type\":\"ImageObject\",\"inLanguage\":\"pl-PL\",\"@id\":\"https:\\\/\\\/simplepadel.com\\\/#\\\/schema\\\/logo\\\/image\\\/\",\"url\":\"https:\\\/\\\/simplepadel.com\\\/wp-content\\\/uploads\\\/2022\\\/02\\\/padel-icon.png\",\"contentUrl\":\"https:\\\/\\\/simplepadel.com\\\/wp-content\\\/uploads\\\/2022\\\/02\\\/padel-icon.png\",\"width\":600,\"height\":600,\"caption\":\"SimplePadel\"},\"image\":{\"@id\":\"https:\\\/\\\/simplepadel.com\\\/#\\\/schema\\\/logo\\\/image\\\/\"},\"sameAs\":[\"https:\\\/\\\/www.facebook.com\\\/SimplePadel\\\/\"]}]}<\/script>\n<!-- \/ Yoast SEO plugin. -->","yoast_head_json":{"title":"Polityka prywatno\u015bci - SimplePadel","description":"To jest polityka prywatno\u015bci SimplePadel.com. Nigdy nie b\u0119dziemy sprzedawa\u0107 Twoich danych.","robots":{"index":"index","follow":"follow","max-snippet":"max-snippet:-1","max-image-preview":"max-image-preview:large","max-video-preview":"max-video-preview:-1"},"canonical":"https:\/\/simplepadel.com\/pl\/polityka-prywatnosci\/","og_locale":"pl_PL","og_type":"article","og_title":"Privacy Policy - SimplePadel","og_description":"This is the privacy policy of SimplePadel.com. We will never ever sell your data.","og_url":"https:\/\/simplepadel.com\/pl\/polityka-prywatnosci\/","og_site_name":"SimplePadel","article_publisher":"https:\/\/www.facebook.com\/SimplePadel\/","article_modified_time":"2022-02-12T13:51:47+00:00","og_image":[{"width":512,"height":512,"url":"https:\/\/simplepadel.com\/wp-content\/uploads\/2022\/02\/tennisball.png","type":"image\/png"}],"twitter_card":"summary_large_image","twitter_misc":{"Szacowany czas czytania":"4 minuty"},"schema":{"@context":"https:\/\/schema.org","@graph":[{"@type":"WebPage","@id":"https:\/\/simplepadel.com\/privacy-policy\/","url":"https:\/\/simplepadel.com\/privacy-policy\/","name":"Polityka prywatno\u015bci - SimplePadel","isPartOf":{"@id":"https:\/\/simplepadel.com\/#website"},"datePublished":"2022-02-04T08:53:14+00:00","dateModified":"2022-02-12T13:51:47+00:00","description":"To jest polityka prywatno\u015bci SimplePadel.com. Nigdy nie b\u0119dziemy sprzedawa\u0107 Twoich danych.","breadcrumb":{"@id":"https:\/\/simplepadel.com\/privacy-policy\/#breadcrumb"},"inLanguage":"pl-PL","potentialAction":[{"@type":"ReadAction","target":["https:\/\/simplepadel.com\/privacy-policy\/"]}]},{"@type":"BreadcrumbList","@id":"https:\/\/simplepadel.com\/privacy-policy\/#breadcrumb","itemListElement":[{"@type":"ListItem","position":1,"name":"Home","item":"https:\/\/simplepadel.com\/"},{"@type":"ListItem","position":2,"name":"Privacy Policy"}]},{"@type":"WebSite","@id":"https:\/\/simplepadel.com\/#website","url":"https:\/\/simplepadel.com\/","name":"SimplePadel","description":"Wszystko Padel, to SimplePadel!","publisher":{"@id":"https:\/\/simplepadel.com\/#organization"},"potentialAction":[{"@type":"SearchAction","target":{"@type":"EntryPoint","urlTemplate":"https:\/\/simplepadel.com\/?s={search_term_string}"},"query-input":{"@type":"PropertyValueSpecification","valueRequired":true,"valueName":"search_term_string"}}],"inLanguage":"pl-PL"},{"@type":"Organization","@id":"https:\/\/simplepadel.com\/#organization","name":"SimplePadel","url":"https:\/\/simplepadel.com\/","logo":{"@type":"ImageObject","inLanguage":"pl-PL","@id":"https:\/\/simplepadel.com\/#\/schema\/logo\/image\/","url":"https:\/\/simplepadel.com\/wp-content\/uploads\/2022\/02\/padel-icon.png","contentUrl":"https:\/\/simplepadel.com\/wp-content\/uploads\/2022\/02\/padel-icon.png","width":600,"height":600,"caption":"SimplePadel"},"image":{"@id":"https:\/\/simplepadel.com\/#\/schema\/logo\/image\/"},"sameAs":["https:\/\/www.facebook.com\/SimplePadel\/"]}]}},"yoast_title":"","yoast_description":"This is the privacy policy of SimplePadel.com. We will never ever sell your data.","yoast_keyword":"privacy policy","_links":{"self":[{"href":"https:\/\/simplepadel.com\/pl\/wp-json\/wp\/v2\/pages\/3","targetHints":{"allow":["GET"]}}],"collection":[{"href":"https:\/\/simplepadel.com\/pl\/wp-json\/wp\/v2\/pages"}],"about":[{"href":"https:\/\/simplepadel.com\/pl\/wp-json\/wp\/v2\/types\/page"}],"author":[{"embeddable":true,"href":"https:\/\/simplepadel.com\/pl\/wp-json\/wp\/v2\/users\/3"}],"replies":[{"embeddable":true,"href":"https:\/\/simplepadel.com\/pl\/wp-json\/wp\/v2\/comments?post=3"}],"version-history":[{"count":5,"href":"https:\/\/simplepadel.com\/pl\/wp-json\/wp\/v2\/pages\/3\/revisions"}],"predecessor-version":[{"id":253,"href":"https:\/\/simplepadel.com\/pl\/wp-json\/wp\/v2\/pages\/3\/revisions\/253"}],"wp:attachment":[{"href":"https:\/\/simplepadel.com\/pl\/wp-json\/wp\/v2\/media?parent=3"}],"curies":[{"name":"wp","href":"https:\/\/api.w.org\/{rel}","templated":true}]}}