{"id":8,"date":"2022-02-04T10:45:04","date_gmt":"2022-02-04T10:45:04","guid":{"rendered":"https:\/\/simplepadel.com\/?page_id=8"},"modified":"2023-03-02T17:26:37","modified_gmt":"2023-03-02T17:26:37","slug":"galletas","status":"publish","type":"page","link":"https:\/\/simplepadel.com\/es\/politica-de-privacidad\/galletas\/","title":{"rendered":"Cookies"},"content":{"rendered":"<p>Para ofrecerle una gama completa de funciones cuando visita nuestro sitio web, reconocer sus preferencias y hacer que el uso de nuestro sitio web sea m\u00e1s c\u00f3modo y pr\u00e1ctico, utilizamos \"cookies\".<\/p>\n\n\n\n<h2 class=\"wp-block-heading\" id=\"what-are-cookies\">\u00bfQu\u00e9 son las cookies?<\/h2>\n\n\n\n<p>Una cookie es un peque\u00f1o archivo o informaci\u00f3n que se guarda en su ordenador o dispositivo cuando visita el sitio web. Estas tecnolog\u00edas nos permiten recordar sus acciones y preferencias (como el idioma, la cantidad de tiempo que interact\u00faa con nosotros a trav\u00e9s de una herramienta anal\u00edtica, etc.) durante un periodo de tiempo.<\/p>\n\n\n\n<h2 class=\"wp-block-heading\" id=\"your-options\">Sus opciones<\/h2>\n\n\n\n<p>En general, puede ver nuestro sitio web sin cookies, pero es posible que algunas partes del sitio web no funcionen correctamente o que la navegaci\u00f3n sea m\u00e1s lenta.<\/p>\n\n\n\n<p>Si no desea que se almacenen cookies en su ordenador o dispositivo, puede desactivar la opci\u00f3n correspondiente en la configuraci\u00f3n del sistema de su navegador. Tambi\u00e9n puede eliminar las cookies almacenadas en la configuraci\u00f3n del sistema de su navegador en cualquier momento.<\/p>\n\n\n\n<p>Encontrar\u00e1 m\u00e1s informaci\u00f3n sobre c\u00f3mo desactivar o eliminar las cookies en&nbsp;<a href=\"https:\/\/www.aboutcookies.org\/cookie-faq\/\" target=\"_blank\" rel=\"noreferrer noopener\">aqu\u00ed<\/a>. Sin embargo, tenga en cuenta que si no acepta ninguna cookie, esto puede restringir la funcionalidad de nuestras ofertas.<\/p>\n\n\n\n<h2 class=\"wp-block-heading\" id=\"categories-of-cookies\">Categor\u00edas de cookies<\/h2>\n\n\n\n<figure class=\"wp-block-table\"><table><thead><tr><td><strong>Tipo de cookie<\/strong><\/td><td><strong>Prop\u00f3sito<\/strong><\/td><td><strong>Vida \u00fatil m\u00e1xima<\/strong><\/td><\/tr><\/thead><tbody><tr><td><strong>Cookies necesarias<\/strong><\/td><td>Estas cookies son necesarias para habilitar las funciones b\u00e1sicas del sitio web. Sin ellas, no se pueden prestar los servicios que ha solicitado. Si desactiva estas cookies, algunas partes del sitio web no funcionar\u00e1n para usted.<\/td><td>Hasta 24 meses<\/td><\/tr><tr><td><strong>Cookies anal\u00edticas<\/strong><\/td><td>Estas cookies nos ayudan a mejorar u optimizar la experiencia que ofrecemos. Nos permiten medir c\u00f3mo interact\u00faan los visitantes con el sitio web y mejorar la experiencia del usuario y el rendimiento del sitio web.<br><br>Se utilizan para recopilar informaci\u00f3n t\u00e9cnica, como la \u00faltima vez que visit\u00f3 el sitio web, el n\u00famero de p\u00e1ginas visitadas, las partes de nuestro sitio web en las que se hace clic y el tiempo transcurrido entre clics. Consulte la secci\u00f3n \"Detalles sobre terceros y nuestras cookies m\u00e1s comunes\" a continuaci\u00f3n para obtener m\u00e1s informaci\u00f3n sobre d\u00f3nde colocan estas cookies terceros.<\/td><td>Hasta 24 meses<\/td><\/tr><\/tbody><\/table><\/figure>\n\n\n\n<h2 class=\"wp-block-heading\" id=\"affiliated-products-and-links\">Productos y enlaces afiliados<\/h2>\n\n\n\n<p>Podemos mostrar anuncios de terceros y otros contenidos que enlazan con sitios web de terceros. Si hace clic en un anuncio o enlace de terceros, tenga en cuenta que abandona nuestro sitio y que cualquier dato que nos facilite ser\u00e1 tratado de acuerdo con las respectivas pol\u00edticas de privacidad y cookies de dichos terceros, que le aconsejamos consultar previamente.<\/p>\n\n\n\n<h2 class=\"wp-block-heading\" id=\"more-details\">M\u00e1s detalles<\/h2>\n\n\n\n<p>Si desea ponerse en contacto con nosotros o saber m\u00e1s sobre la forma en que tratamos sus datos personales, consulte nuestro&nbsp;<a href=\"\/es\/politica-de-privacidad\/\">Pol\u00edtica de privacidad<\/a>.<\/p>","protected":false},"excerpt":{"rendered":"<p>Para ofrecerle una gama completa de funciones cuando visita nuestro sitio web, reconocer sus preferencias y hacer que el uso de nuestro sitio web sea m\u00e1s c\u00f3modo y pr\u00e1ctico, utilizamos \"cookies\". \u00bfQu\u00e9 son las cookies? Una cookie es un peque\u00f1o archivo o informaci\u00f3n que se guarda en su ordenador o dispositivo cuando visita el sitio web. Estas tecnolog\u00edas permiten...<\/p>","protected":false},"author":3,"featured_media":0,"parent":3,"menu_order":0,"comment_status":"closed","ping_status":"closed","template":"","meta":{"footnotes":""},"class_list":["post-8","page","type-page","status-publish","hentry"],"yoast_head":"<!-- This site is optimized with the Yoast SEO plugin v27.4 - https:\/\/yoast.com\/product\/yoast-seo-wordpress\/ -->\n<title>Cookies - SimplePadel<\/title>\n<meta name=\"description\" content=\"Cookie policy of SimplePadel.com. What data do we store?\" \/>\n<meta name=\"robots\" content=\"index, follow, max-snippet:-1, max-image-preview:large, max-video-preview:-1\" \/>\n<link rel=\"canonical\" href=\"https:\/\/simplepadel.com\/es\/politica-de-privacidad\/galletas\/\" \/>\n<meta property=\"og:locale\" content=\"es_ES\" \/>\n<meta property=\"og:type\" content=\"article\" \/>\n<meta property=\"og:title\" content=\"Cookies - SimplePadel\" \/>\n<meta property=\"og:description\" content=\"Cookie policy of SimplePadel.com. What data do we store?\" \/>\n<meta property=\"og:url\" content=\"https:\/\/simplepadel.com\/es\/politica-de-privacidad\/galletas\/\" \/>\n<meta property=\"og:site_name\" content=\"SimplePadel\" \/>\n<meta property=\"article:publisher\" content=\"https:\/\/www.facebook.com\/SimplePadel\/\" \/>\n<meta property=\"article:modified_time\" content=\"2023-03-02T17:26:37+00:00\" \/>\n<meta property=\"og:image\" content=\"https:\/\/simplepadel.com\/wp-content\/uploads\/2022\/02\/tennisball.png\" \/>\n\t<meta property=\"og:image:width\" content=\"512\" \/>\n\t<meta property=\"og:image:height\" content=\"512\" \/>\n\t<meta property=\"og:image:type\" content=\"image\/png\" \/>\n<meta name=\"twitter:card\" content=\"summary_large_image\" \/>\n<meta name=\"twitter:label1\" content=\"Tiempo de lectura\" \/>\n\t<meta name=\"twitter:data1\" content=\"3 minutos\" \/>\n<script type=\"application\/ld+json\" class=\"yoast-schema-graph\">{\"@context\":\"https:\\\/\\\/schema.org\",\"@graph\":[{\"@type\":\"WebPage\",\"@id\":\"https:\\\/\\\/simplepadel.com\\\/privacy-policy\\\/cookies\\\/\",\"url\":\"https:\\\/\\\/simplepadel.com\\\/privacy-policy\\\/cookies\\\/\",\"name\":\"Cookies - SimplePadel\",\"isPartOf\":{\"@id\":\"https:\\\/\\\/simplepadel.com\\\/#website\"},\"datePublished\":\"2022-02-04T10:45:04+00:00\",\"dateModified\":\"2023-03-02T17:26:37+00:00\",\"description\":\"Cookie policy of SimplePadel.com. What data do we store?\",\"breadcrumb\":{\"@id\":\"https:\\\/\\\/simplepadel.com\\\/privacy-policy\\\/cookies\\\/#breadcrumb\"},\"inLanguage\":\"es\",\"potentialAction\":[{\"@type\":\"ReadAction\",\"target\":[\"https:\\\/\\\/simplepadel.com\\\/privacy-policy\\\/cookies\\\/\"]}]},{\"@type\":\"BreadcrumbList\",\"@id\":\"https:\\\/\\\/simplepadel.com\\\/privacy-policy\\\/cookies\\\/#breadcrumb\",\"itemListElement\":[{\"@type\":\"ListItem\",\"position\":1,\"name\":\"Home\",\"item\":\"https:\\\/\\\/simplepadel.com\\\/\"},{\"@type\":\"ListItem\",\"position\":2,\"name\":\"Privacy Policy\",\"item\":\"https:\\\/\\\/simplepadel.com\\\/privacy-policy\\\/\"},{\"@type\":\"ListItem\",\"position\":3,\"name\":\"Cookies\"}]},{\"@type\":\"WebSite\",\"@id\":\"https:\\\/\\\/simplepadel.com\\\/#website\",\"url\":\"https:\\\/\\\/simplepadel.com\\\/\",\"name\":\"SimplePadel\",\"description\":\"Everything Padel, it&#039;s SimplePadel!\",\"publisher\":{\"@id\":\"https:\\\/\\\/simplepadel.com\\\/#organization\"},\"potentialAction\":[{\"@type\":\"SearchAction\",\"target\":{\"@type\":\"EntryPoint\",\"urlTemplate\":\"https:\\\/\\\/simplepadel.com\\\/?s={search_term_string}\"},\"query-input\":{\"@type\":\"PropertyValueSpecification\",\"valueRequired\":true,\"valueName\":\"search_term_string\"}}],\"inLanguage\":\"es\"},{\"@type\":\"Organization\",\"@id\":\"https:\\\/\\\/simplepadel.com\\\/#organization\",\"name\":\"SimplePadel\",\"url\":\"https:\\\/\\\/simplepadel.com\\\/\",\"logo\":{\"@type\":\"ImageObject\",\"inLanguage\":\"es\",\"@id\":\"https:\\\/\\\/simplepadel.com\\\/#\\\/schema\\\/logo\\\/image\\\/\",\"url\":\"https:\\\/\\\/simplepadel.com\\\/wp-content\\\/uploads\\\/2022\\\/02\\\/padel-icon.png\",\"contentUrl\":\"https:\\\/\\\/simplepadel.com\\\/wp-content\\\/uploads\\\/2022\\\/02\\\/padel-icon.png\",\"width\":600,\"height\":600,\"caption\":\"SimplePadel\"},\"image\":{\"@id\":\"https:\\\/\\\/simplepadel.com\\\/#\\\/schema\\\/logo\\\/image\\\/\"},\"sameAs\":[\"https:\\\/\\\/www.facebook.com\\\/SimplePadel\\\/\"]}]}<\/script>\n<!-- \/ Yoast SEO plugin. -->","yoast_head_json":{"title":"Cookies - SimplePadel","description":"Pol\u00edtica de cookies de SimplePadel.com. Qu\u00e9 datos almacenamos?","robots":{"index":"index","follow":"follow","max-snippet":"max-snippet:-1","max-image-preview":"max-image-preview:large","max-video-preview":"max-video-preview:-1"},"canonical":"https:\/\/simplepadel.com\/es\/politica-de-privacidad\/galletas\/","og_locale":"es_ES","og_type":"article","og_title":"Cookies - SimplePadel","og_description":"Cookie policy of SimplePadel.com. What data do we store?","og_url":"https:\/\/simplepadel.com\/es\/politica-de-privacidad\/galletas\/","og_site_name":"SimplePadel","article_publisher":"https:\/\/www.facebook.com\/SimplePadel\/","article_modified_time":"2023-03-02T17:26:37+00:00","og_image":[{"width":512,"height":512,"url":"https:\/\/simplepadel.com\/wp-content\/uploads\/2022\/02\/tennisball.png","type":"image\/png"}],"twitter_card":"summary_large_image","twitter_misc":{"Tiempo de lectura":"3 minutos"},"schema":{"@context":"https:\/\/schema.org","@graph":[{"@type":"WebPage","@id":"https:\/\/simplepadel.com\/privacy-policy\/cookies\/","url":"https:\/\/simplepadel.com\/privacy-policy\/cookies\/","name":"Cookies - SimplePadel","isPartOf":{"@id":"https:\/\/simplepadel.com\/#website"},"datePublished":"2022-02-04T10:45:04+00:00","dateModified":"2023-03-02T17:26:37+00:00","description":"Pol\u00edtica de cookies de SimplePadel.com. Qu\u00e9 datos almacenamos?","breadcrumb":{"@id":"https:\/\/simplepadel.com\/privacy-policy\/cookies\/#breadcrumb"},"inLanguage":"es","potentialAction":[{"@type":"ReadAction","target":["https:\/\/simplepadel.com\/privacy-policy\/cookies\/"]}]},{"@type":"BreadcrumbList","@id":"https:\/\/simplepadel.com\/privacy-policy\/cookies\/#breadcrumb","itemListElement":[{"@type":"ListItem","position":1,"name":"Home","item":"https:\/\/simplepadel.com\/"},{"@type":"ListItem","position":2,"name":"Privacy Policy","item":"https:\/\/simplepadel.com\/privacy-policy\/"},{"@type":"ListItem","position":3,"name":"Cookies"}]},{"@type":"WebSite","@id":"https:\/\/simplepadel.com\/#website","url":"https:\/\/simplepadel.com\/","name":"SimplePadel","description":"Todo Padel, \u00a1es SimplePadel!","publisher":{"@id":"https:\/\/simplepadel.com\/#organization"},"potentialAction":[{"@type":"SearchAction","target":{"@type":"EntryPoint","urlTemplate":"https:\/\/simplepadel.com\/?s={search_term_string}"},"query-input":{"@type":"PropertyValueSpecification","valueRequired":true,"valueName":"search_term_string"}}],"inLanguage":"es"},{"@type":"Organization","@id":"https:\/\/simplepadel.com\/#organization","name":"SimplePadel","url":"https:\/\/simplepadel.com\/","logo":{"@type":"ImageObject","inLanguage":"es","@id":"https:\/\/simplepadel.com\/#\/schema\/logo\/image\/","url":"https:\/\/simplepadel.com\/wp-content\/uploads\/2022\/02\/padel-icon.png","contentUrl":"https:\/\/simplepadel.com\/wp-content\/uploads\/2022\/02\/padel-icon.png","width":600,"height":600,"caption":"SimplePadel"},"image":{"@id":"https:\/\/simplepadel.com\/#\/schema\/logo\/image\/"},"sameAs":["https:\/\/www.facebook.com\/SimplePadel\/"]}]}},"yoast_title":"","yoast_description":"Cookie policy of SimplePadel.com. What data do we store?","yoast_keyword":"cookies","_links":{"self":[{"href":"https:\/\/simplepadel.com\/es\/wp-json\/wp\/v2\/pages\/8","targetHints":{"allow":["GET"]}}],"collection":[{"href":"https:\/\/simplepadel.com\/es\/wp-json\/wp\/v2\/pages"}],"about":[{"href":"https:\/\/simplepadel.com\/es\/wp-json\/wp\/v2\/types\/page"}],"author":[{"embeddable":true,"href":"https:\/\/simplepadel.com\/es\/wp-json\/wp\/v2\/users\/3"}],"replies":[{"embeddable":true,"href":"https:\/\/simplepadel.com\/es\/wp-json\/wp\/v2\/comments?post=8"}],"version-history":[{"count":2,"href":"https:\/\/simplepadel.com\/es\/wp-json\/wp\/v2\/pages\/8\/revisions"}],"predecessor-version":[{"id":1959,"href":"https:\/\/simplepadel.com\/es\/wp-json\/wp\/v2\/pages\/8\/revisions\/1959"}],"up":[{"embeddable":true,"href":"https:\/\/simplepadel.com\/es\/wp-json\/wp\/v2\/pages\/3"}],"wp:attachment":[{"href":"https:\/\/simplepadel.com\/es\/wp-json\/wp\/v2\/media?parent=8"}],"curies":[{"name":"wp","href":"https:\/\/api.w.org\/{rel}","templated":true}]}}