{"id":49,"date":"2022-02-06T21:34:45","date_gmt":"2022-02-06T21:34:45","guid":{"rendered":"https:\/\/simplepadel.com\/?page_id=49"},"modified":"2023-07-05T09:15:58","modified_gmt":"2023-07-05T09:15:58","slug":"acerca-de","status":"publish","type":"page","link":"https:\/\/simplepadel.com\/es\/acerca-de\/","title":{"rendered":"Sobre nosotros"},"content":{"rendered":"<div class=\"wp-block-cover alignfull is-light\" style=\"min-height:70vh;aspect-ratio:unset;\"><span aria-hidden=\"true\" class=\"wp-block-cover__background has-background-dim-100 has-background-dim\" style=\"background-color:#d1e4dd\"><\/span><div class=\"wp-block-cover__inner-container is-layout-flow wp-block-cover-is-layout-flow\">\n<h1 class=\"wp-block-heading has-text-align-center has-primary-color has-text-color\" id=\"created-by-players-for-players\">Creado por jugadores <br>para los jugadores<\/h1>\n\n\n\n<p class=\"has-text-align-center has-primary-color has-text-color\">- El compa\u00f1ero de equipo que todos deber\u00edan tener -<\/p>\n<\/div><\/div>\n\n\n\n<div class=\"wp-block-group alignfull has-background-background-color has-background tw-top-shape-organic\"><div class=\"wp-block-group__inner-container is-layout-flow wp-block-group-is-layout-flow\">\n<p class=\"has-text-align-center has-h-4-font-size\" style=\"line-height:1.4\">SimplePadel es un sitio dedicado a <a href=\"\/es\/resenas\/\">revisando todo lo relacionado con el padel<\/a>. Tenemos rese\u00f1as de <a href=\"https:\/\/simplepadel.com\/es\/raquetas-de-padel\/\">raquetas de p\u00e1del<\/a>, <a href=\"https:\/\/simplepadel.com\/es\/zapatillas-de-padel\/\">zapatos de p\u00e1del<\/a> y accesorios que le ayudar\u00e1n a mejorar su juego. <\/p>\n\n\n\n<p class=\"has-text-align-center has-h-4-font-size\" style=\"line-height:1.4\">Sabemos lo que se siente al perderse en el mar de opciones cuando intentas encontrar algo nuevo para tu juego.<\/p>\n<\/div><\/div>\n\n\n\n<div class=\"wp-block-group alignfull has-subtle-background-background-color has-background\"><div class=\"wp-block-group__inner-container is-layout-flow wp-block-group-is-layout-flow\">\n<h2 class=\"wp-block-heading has-text-align-center\" id=\"our-commitments-and-actions-to-improve-you-as-a-player\">Nuestros compromisos y acciones para mejorar como jugador<\/h2>\n\n\n\n<div class=\"wp-block-columns alignwide tw-justify-center has-text-align-center tw-gutter-large is-layout-flex wp-container-core-columns-is-layout-d0b3c9c8 wp-block-columns-is-layout-flex\">\n<div class=\"wp-block-column is-layout-flow wp-block-column-is-layout-flow\"><div class=\"wp-block-image is-style-rounded\">\n<figure class=\"aligncenter size-full is-resized\"><img loading=\"lazy\" decoding=\"async\" src=\"https:\/\/simplepadel.com\/wp-content\/uploads\/2022\/02\/tennisball.png\" alt=\"\" class=\"wp-image-80\" width=\"128\" height=\"128\" srcset=\"https:\/\/simplepadel.com\/wp-content\/uploads\/2022\/02\/tennisball.png 512w, https:\/\/simplepadel.com\/wp-content\/uploads\/2022\/02\/tennisball-300x300.png 300w, https:\/\/simplepadel.com\/wp-content\/uploads\/2022\/02\/tennisball-150x150.png 150w\" sizes=\"auto, (max-width: 128px) 100vw, 128px\" \/><\/figure>\n<\/div>\n\n\n<h3 class=\"wp-block-heading has-h-5-font-size\" id=\"our-vision\">Nuestra visi\u00f3n<\/h3>\n\n\n\n<p>Te ayudamos a elegir tu material de p\u00e1del de forma imparcial. S\u00f3lo aceptamos opiniones escritas por jugadores, para jugadores. Nuestro objetivo es darte toda la informaci\u00f3n que necesitas para tomar la mejor decisi\u00f3n a la hora de comprar un producto para mejorar tu juego de p\u00e1del.<\/p>\n<\/div>\n\n\n\n<div class=\"wp-block-column is-layout-flow wp-block-column-is-layout-flow\"><div class=\"wp-block-image is-style-tw-rounded-corners\">\n<figure class=\"aligncenter size-full is-resized\"><img loading=\"lazy\" decoding=\"async\" src=\"https:\/\/simplepadel.com\/wp-content\/uploads\/2022\/02\/sneakers.png\" alt=\"\" class=\"wp-image-82\" width=\"128\" height=\"128\" srcset=\"https:\/\/simplepadel.com\/wp-content\/uploads\/2022\/02\/sneakers.png 512w, https:\/\/simplepadel.com\/wp-content\/uploads\/2022\/02\/sneakers-300x300.png 300w, https:\/\/simplepadel.com\/wp-content\/uploads\/2022\/02\/sneakers-150x150.png 150w\" sizes=\"auto, (max-width: 128px) 100vw, 128px\" \/><\/figure>\n<\/div>\n\n\n<h3 class=\"wp-block-heading has-h-5-font-size\" id=\"our-mission\">Nuestra misi\u00f3n<\/h3>\n\n\n\n<p>Te ayudamos a ser mejor jugador. Adem\u00e1s de rese\u00f1as de material, te damos noticias del mundo del p\u00e1del y del entrenamiento <a href=\"https:\/\/simplepadel.com\/es\/padel-universidad\/\">consejos para mejorar tus habilidades en la pista<\/a>. Para nosotros, apasionarnos por este deporte es formar parte de una gran familia en la que todos pueden crecer en un ambiente sano.<\/p>\n<\/div>\n\n\n\n<div class=\"wp-block-column is-layout-flow wp-block-column-is-layout-flow\"><div class=\"wp-block-image is-style-tw-rounded-corners\">\n<figure class=\"aligncenter size-full is-resized\"><img loading=\"lazy\" decoding=\"async\" src=\"https:\/\/simplepadel.com\/wp-content\/uploads\/2022\/02\/wristband.png\" alt=\"\" class=\"wp-image-83\" width=\"128\" height=\"128\" srcset=\"https:\/\/simplepadel.com\/wp-content\/uploads\/2022\/02\/wristband.png 512w, https:\/\/simplepadel.com\/wp-content\/uploads\/2022\/02\/wristband-300x300.png 300w, https:\/\/simplepadel.com\/wp-content\/uploads\/2022\/02\/wristband-150x150.png 150w\" sizes=\"auto, (max-width: 128px) 100vw, 128px\" \/><\/figure>\n<\/div>\n\n\n<h3 class=\"wp-block-heading has-h-5-font-size\" id=\"our-values\">Nuestros valores<\/h3>\n\n\n\n<p>La comunidad del p\u00e1del es nuestro principal objetivo. Creemos que el futuro del p\u00e1del pasa por vosotros y queremos formar parte de vuestro crecimiento en este deporte. Siempre estaremos a tu lado apoy\u00e1ndote en todos tus proyectos y sue\u00f1os, porque no hay v\u00ednculo m\u00e1s fuerte que una pasi\u00f3n compartida.<\/p>\n<\/div>\n<\/div>\n<\/div><\/div>\n\n\n\n<div class=\"wp-block-group alignfull\"><div class=\"wp-block-group__inner-container is-layout-flow wp-block-group-is-layout-flow\">\n<h2 class=\"wp-block-heading has-text-align-center tw-mb-4\" id=\"a-look-at-the-last-five-years\">Una mirada a los \u00faltimos cinco a\u00f1os<\/h2>\n\n\n\n<p class=\"has-text-align-center has-medium-font-size\">Los \u00faltimos cinco a\u00f1os del p\u00e1del han estado llenos de hitos y r\u00e9cords. Hemos visto una explosi\u00f3n en el n\u00famero de torneos y competiciones en todos los continentes, y tambi\u00e9n hemos visto un crecimiento en la calidad de cada evento.<\/p>\n\n\n\n<p class=\"has-text-align-center\">El \u00faltimo pa\u00eds en adoptar el p\u00e1del, donde este deporte est\u00e1 creciendo a un ritmo realmente r\u00e1pido, es el <a href=\"https:\/\/simplepadel.com\/es\/padel-en-estados-unidos\/\">Estados Unidos<\/a>. Este <a href=\"https:\/\/simplepadel.com\/es\/diferencias-pickleball-vs-pop-tennis-vs-padel\/\">pickleball<\/a> naci\u00f3n loca est\u00e1 experimentando un crecimiento exponencial y tambi\u00e9n form\u00f3 un <a href=\"https:\/\/simplepadel.com\/es\/que-es-la-north-american-pro-padel-league-ppl\/\">nueva liga profesional en 2023<\/a>.<\/p>\n\n\n\n<div class=\"wp-block-columns alignwide has-text-align-center is-layout-flex wp-container-core-columns-is-layout-d0b3c9c8 wp-block-columns-is-layout-flex\">\n<div class=\"wp-block-column is-layout-flow wp-block-column-is-layout-flow\">\n<p class=\"tw-mb-2\" style=\"font-size:50px;line-height:1.2\">350,000<\/p>\n\n\n\n<p>Nuevos jugadores cada a\u00f1o<\/p>\n<\/div>\n\n\n\n<div class=\"wp-block-column is-layout-flow wp-block-column-is-layout-flow\">\n<p class=\"tw-mb-2\" style=\"font-size:50px;line-height:1.2\">50,000<\/p>\n\n\n\n<p>Pistas de p\u00e1del en todo el mundo<\/p>\n<\/div>\n\n\n\n<div class=\"wp-block-column is-layout-flow wp-block-column-is-layout-flow\">\n<p class=\"tw-mb-2\" style=\"font-size:50px;line-height:1.2\">25M<\/p>\n\n\n\n<p>Jugadores de p\u00e1del<\/p>\n<\/div>\n<\/div>\n<\/div><\/div>\n\n\n\n<div class=\"wp-block-group alignfull has-subtle-background-background-color has-background\"><div class=\"wp-block-group__inner-container is-layout-flow wp-block-group-is-layout-flow\">\n<h2 class=\"wp-block-heading has-text-align-center tw-mb-8\" id=\"the-three-pillars-of-our-padel-philosophy\">Los tres pilares de nuestra <br>Filosof\u00eda del p\u00e1del<\/h2>\n\n\n\n<div class=\"wp-block-group alignwide tw-rounded has-background\" style=\"background-color:#d1e4dd\"><div class=\"wp-block-group__inner-container is-layout-flow wp-block-group-is-layout-flow\"><div class=\"wp-block-image tw-mb-5\">\n<figure class=\"aligncenter is-resized\"><img loading=\"lazy\" decoding=\"async\" src=\"https:\/\/s.w.org\/images\/core\/emoji\/13.0.1\/svg\/1f30e.svg\" alt=\"\" width=\"68\" height=\"68\"\/><\/figure>\n<\/div>\n\n\n<h3 class=\"wp-block-heading has-text-align-center tw-mb-4 tw-mt-0 has-h-4-font-size\" id=\"the-global-game\">El juego global<\/h3>\n\n\n\n<p class=\"has-text-align-center\">Creemos en el p\u00e1del para todos, vivas donde vivas. En SimplePadel tenemos jugadores de todo el mundo y queremos que todos puedan disfrutar de este deporte. Vivas en un pa\u00eds grande o peque\u00f1o, nuestro objetivo es ayudarte a ser mejor jugador.<\/p>\n<\/div><\/div>\n\n\n\n<div class=\"wp-block-columns alignwide tw-mt-6 tw-cols-rounded tw-stretched-blocks is-layout-flex wp-container-core-columns-is-layout-d0b3c9c8 wp-block-columns-is-layout-flex\">\n<div class=\"wp-block-column is-layout-flow wp-block-column-is-layout-flow\">\n<div class=\"wp-block-group has-background\" style=\"background-color:#d1dfe4\"><div class=\"wp-block-group__inner-container is-layout-flow wp-block-group-is-layout-flow\"><div class=\"wp-block-image tw-mb-5\">\n<figure class=\"aligncenter is-resized\"><img loading=\"lazy\" decoding=\"async\" src=\"https:\/\/s.w.org\/images\/core\/emoji\/13.0.1\/svg\/1f4a7.svg\" alt=\"\" width=\"68\" height=\"68\"\/><\/figure>\n<\/div>\n\n\n<h3 class=\"wp-block-heading has-text-align-center tw-mt-0 has-h-4-font-size\" id=\"fun-for-everyone\">Diversi\u00f3n para todos<\/h3>\n\n\n\n<p class=\"has-text-align-center\">El entrenamiento es un componente clave para mejorar tus habilidades, pero queremos que te diviertas mientras lo haces. Si no te diviertes practicando Padel, es poco probable que mejores tu juego.<\/p>\n<\/div><\/div>\n<\/div>\n\n\n\n<div class=\"wp-block-column is-layout-flow wp-block-column-is-layout-flow\">\n<div class=\"wp-block-group has-background\" style=\"background-color:#d1d1e4\"><div class=\"wp-block-group__inner-container is-layout-flow wp-block-group-is-layout-flow\"><div class=\"wp-block-image tw-mb-5\">\n<figure class=\"aligncenter is-resized\"><img loading=\"lazy\" decoding=\"async\" src=\"https:\/\/s.w.org\/images\/core\/emoji\/13.0.1\/svg\/1f31c.svg\" alt=\"\" width=\"68\" height=\"68\"\/><\/figure>\n<\/div>\n\n\n<h3 class=\"wp-block-heading has-text-align-center tw-mt-0 has-h-4-font-size\" id=\"sustainability-in-equipment\">Sostenibilidad de los equipos<\/h3>\n\n\n\n<p class=\"has-text-align-center\">Adem\u00e1s de disponibles, los equipos de alta calidad tienen que ser sostenibles. No apoyamos el uso de productos que tengan un impacto negativo en nuestro planeta.<\/p>\n<\/div><\/div>\n<\/div>\n<\/div>\n<\/div><\/div>\n\n\n\n<div class=\"wp-block-group alignfull\"><div class=\"wp-block-group__inner-container is-layout-flow wp-block-group-is-layout-flow\">\n<div class=\"wp-block-media-text alignwide is-stacked-on-mobile is-style-tw-overlap has-background\" style=\"background-color:#eeeadd;grid-template-columns:60% auto\"><figure class=\"wp-block-media-text__media\"><img loading=\"lazy\" decoding=\"async\" width=\"1000\" height=\"667\" src=\"https:\/\/simplepadel.com\/wp-content\/uploads\/2022\/02\/MoreThanaGame-SimplePadel.jpeg\" alt=\"\" class=\"wp-image-107 size-full\" srcset=\"https:\/\/simplepadel.com\/wp-content\/uploads\/2022\/02\/MoreThanaGame-SimplePadel.jpeg 1000w, https:\/\/simplepadel.com\/wp-content\/uploads\/2022\/02\/MoreThanaGame-SimplePadel-300x200.jpeg 300w, https:\/\/simplepadel.com\/wp-content\/uploads\/2022\/02\/MoreThanaGame-SimplePadel-768x512.jpeg 768w\" sizes=\"auto, (max-width: 1000px) 100vw, 1000px\" \/><\/figure><div class=\"wp-block-media-text__content\">\n<h2 class=\"wp-block-heading tw-mb-4 has-h-3-font-size\" id=\"more-than-padel\">M\u00e1s que p\u00e1del<\/h2>\n\n\n\n<p>El p\u00e1del es lo que nos une, pero no es lo \u00fanico que nos define. Las personas son la parte m\u00e1s importante de este deporte y queremos ayudar a mejorar la experiencia que vives cuando juegas al p\u00e1del est\u00e9s donde est\u00e9s en el mundo.<\/p>\n<\/div><\/div>\n<\/div><\/div>","protected":false},"excerpt":{"rendered":"<p>SimplePadel es un sitio dedicado a la revisi\u00f3n de todas las cosas de padel. Tenemos rese\u00f1as de raquetas de p\u00e1del, zapatillas de p\u00e1del y accesorios que te ayudar\u00e1n a mejorar tu juego. Sabemos lo que se siente al estar perdido en el mar de opciones cuando se trata de encontrar algo nuevo para su juego. Nuestros compromisos y acciones para...<\/p>","protected":false},"author":2,"featured_media":0,"parent":0,"menu_order":0,"comment_status":"closed","ping_status":"closed","template":"tw-header-transparent.php","meta":{"footnotes":""},"class_list":["post-49","page","type-page","status-publish","hentry"],"yoast_head":"<!-- This site is optimized with the Yoast SEO plugin v27.3 - https:\/\/yoast.com\/product\/yoast-seo-wordpress\/ -->\n<title>About us - SimplePadel<\/title>\n<meta name=\"description\" content=\"Created by players, for players. We have reviews of rackets, shoes and accessories as well as guides that will help you improve your game.\" \/>\n<meta name=\"robots\" content=\"index, follow, max-snippet:-1, max-image-preview:large, max-video-preview:-1\" \/>\n<link rel=\"canonical\" href=\"https:\/\/simplepadel.com\/es\/acerca-de\/\" \/>\n<meta property=\"og:locale\" content=\"es_ES\" \/>\n<meta property=\"og:type\" content=\"article\" \/>\n<meta property=\"og:title\" content=\"About us - SimplePadel\" \/>\n<meta property=\"og:description\" content=\"Created by players, for players. We have reviews of rackets, shoes and accessories as well as guides that will help you improve your game.\" \/>\n<meta property=\"og:url\" content=\"https:\/\/simplepadel.com\/es\/acerca-de\/\" \/>\n<meta property=\"og:site_name\" content=\"SimplePadel\" \/>\n<meta property=\"article:publisher\" content=\"https:\/\/www.facebook.com\/SimplePadel\/\" \/>\n<meta property=\"article:modified_time\" content=\"2023-07-05T09:15:58+00:00\" \/>\n<meta property=\"og:image\" content=\"https:\/\/simplepadel.com\/wp-content\/uploads\/2022\/02\/tennisball.png\" \/>\n<meta name=\"twitter:card\" content=\"summary_large_image\" \/>\n<meta name=\"twitter:label1\" content=\"Tiempo de lectura\" \/>\n\t<meta name=\"twitter:data1\" content=\"4 minutos\" \/>\n<script type=\"application\/ld+json\" class=\"yoast-schema-graph\">{\"@context\":\"https:\\\/\\\/schema.org\",\"@graph\":[{\"@type\":[\"WebPage\",\"AboutPage\"],\"@id\":\"https:\\\/\\\/simplepadel.com\\\/about\\\/\",\"url\":\"https:\\\/\\\/simplepadel.com\\\/about\\\/\",\"name\":\"About us - SimplePadel\",\"isPartOf\":{\"@id\":\"https:\\\/\\\/simplepadel.com\\\/#website\"},\"primaryImageOfPage\":{\"@id\":\"https:\\\/\\\/simplepadel.com\\\/about\\\/#primaryimage\"},\"image\":{\"@id\":\"https:\\\/\\\/simplepadel.com\\\/about\\\/#primaryimage\"},\"thumbnailUrl\":\"https:\\\/\\\/simplepadel.com\\\/wp-content\\\/uploads\\\/2022\\\/02\\\/tennisball.png\",\"datePublished\":\"2022-02-06T21:34:45+00:00\",\"dateModified\":\"2023-07-05T09:15:58+00:00\",\"description\":\"Created by players, for players. We have reviews of rackets, shoes and accessories as well as guides that will help you improve your game.\",\"breadcrumb\":{\"@id\":\"https:\\\/\\\/simplepadel.com\\\/about\\\/#breadcrumb\"},\"inLanguage\":\"es\",\"potentialAction\":[{\"@type\":\"ReadAction\",\"target\":[\"https:\\\/\\\/simplepadel.com\\\/about\\\/\"]}]},{\"@type\":\"ImageObject\",\"inLanguage\":\"es\",\"@id\":\"https:\\\/\\\/simplepadel.com\\\/about\\\/#primaryimage\",\"url\":\"https:\\\/\\\/simplepadel.com\\\/wp-content\\\/uploads\\\/2022\\\/02\\\/tennisball.png\",\"contentUrl\":\"https:\\\/\\\/simplepadel.com\\\/wp-content\\\/uploads\\\/2022\\\/02\\\/tennisball.png\"},{\"@type\":\"BreadcrumbList\",\"@id\":\"https:\\\/\\\/simplepadel.com\\\/about\\\/#breadcrumb\",\"itemListElement\":[{\"@type\":\"ListItem\",\"position\":1,\"name\":\"Home\",\"item\":\"https:\\\/\\\/simplepadel.com\\\/\"},{\"@type\":\"ListItem\",\"position\":2,\"name\":\"About\"}]},{\"@type\":\"WebSite\",\"@id\":\"https:\\\/\\\/simplepadel.com\\\/#website\",\"url\":\"https:\\\/\\\/simplepadel.com\\\/\",\"name\":\"SimplePadel\",\"description\":\"Everything Padel, it&#039;s SimplePadel!\",\"publisher\":{\"@id\":\"https:\\\/\\\/simplepadel.com\\\/#organization\"},\"potentialAction\":[{\"@type\":\"SearchAction\",\"target\":{\"@type\":\"EntryPoint\",\"urlTemplate\":\"https:\\\/\\\/simplepadel.com\\\/?s={search_term_string}\"},\"query-input\":{\"@type\":\"PropertyValueSpecification\",\"valueRequired\":true,\"valueName\":\"search_term_string\"}}],\"inLanguage\":\"es\"},{\"@type\":\"Organization\",\"@id\":\"https:\\\/\\\/simplepadel.com\\\/#organization\",\"name\":\"SimplePadel\",\"url\":\"https:\\\/\\\/simplepadel.com\\\/\",\"logo\":{\"@type\":\"ImageObject\",\"inLanguage\":\"es\",\"@id\":\"https:\\\/\\\/simplepadel.com\\\/#\\\/schema\\\/logo\\\/image\\\/\",\"url\":\"https:\\\/\\\/simplepadel.com\\\/wp-content\\\/uploads\\\/2022\\\/02\\\/padel-icon.png\",\"contentUrl\":\"https:\\\/\\\/simplepadel.com\\\/wp-content\\\/uploads\\\/2022\\\/02\\\/padel-icon.png\",\"width\":600,\"height\":600,\"caption\":\"SimplePadel\"},\"image\":{\"@id\":\"https:\\\/\\\/simplepadel.com\\\/#\\\/schema\\\/logo\\\/image\\\/\"},\"sameAs\":[\"https:\\\/\\\/www.facebook.com\\\/SimplePadel\\\/\"]}]}<\/script>\n<!-- \/ Yoast SEO plugin. -->","yoast_head_json":{"title":"Sobre nosotros - SimplePadel","description":"Creado por jugadores, para jugadores. Tenemos rese\u00f1as de raquetas, zapatillas y accesorios, as\u00ed como gu\u00edas que te ayudar\u00e1n a mejorar tu juego.","robots":{"index":"index","follow":"follow","max-snippet":"max-snippet:-1","max-image-preview":"max-image-preview:large","max-video-preview":"max-video-preview:-1"},"canonical":"https:\/\/simplepadel.com\/es\/acerca-de\/","og_locale":"es_ES","og_type":"article","og_title":"About us - SimplePadel","og_description":"Created by players, for players. We have reviews of rackets, shoes and accessories as well as guides that will help you improve your game.","og_url":"https:\/\/simplepadel.com\/es\/acerca-de\/","og_site_name":"SimplePadel","article_publisher":"https:\/\/www.facebook.com\/SimplePadel\/","article_modified_time":"2023-07-05T09:15:58+00:00","og_image":[{"url":"https:\/\/simplepadel.com\/wp-content\/uploads\/2022\/02\/tennisball.png","type":"","width":"","height":""}],"twitter_card":"summary_large_image","twitter_misc":{"Tiempo de lectura":"4 minutos"},"schema":{"@context":"https:\/\/schema.org","@graph":[{"@type":["WebPage","AboutPage"],"@id":"https:\/\/simplepadel.com\/about\/","url":"https:\/\/simplepadel.com\/about\/","name":"Sobre nosotros - SimplePadel","isPartOf":{"@id":"https:\/\/simplepadel.com\/#website"},"primaryImageOfPage":{"@id":"https:\/\/simplepadel.com\/about\/#primaryimage"},"image":{"@id":"https:\/\/simplepadel.com\/about\/#primaryimage"},"thumbnailUrl":"https:\/\/simplepadel.com\/wp-content\/uploads\/2022\/02\/tennisball.png","datePublished":"2022-02-06T21:34:45+00:00","dateModified":"2023-07-05T09:15:58+00:00","description":"Creado por jugadores, para jugadores. Tenemos rese\u00f1as de raquetas, zapatillas y accesorios, as\u00ed como gu\u00edas que te ayudar\u00e1n a mejorar tu juego.","breadcrumb":{"@id":"https:\/\/simplepadel.com\/about\/#breadcrumb"},"inLanguage":"es","potentialAction":[{"@type":"ReadAction","target":["https:\/\/simplepadel.com\/about\/"]}]},{"@type":"ImageObject","inLanguage":"es","@id":"https:\/\/simplepadel.com\/about\/#primaryimage","url":"https:\/\/simplepadel.com\/wp-content\/uploads\/2022\/02\/tennisball.png","contentUrl":"https:\/\/simplepadel.com\/wp-content\/uploads\/2022\/02\/tennisball.png"},{"@type":"BreadcrumbList","@id":"https:\/\/simplepadel.com\/about\/#breadcrumb","itemListElement":[{"@type":"ListItem","position":1,"name":"Home","item":"https:\/\/simplepadel.com\/"},{"@type":"ListItem","position":2,"name":"About"}]},{"@type":"WebSite","@id":"https:\/\/simplepadel.com\/#website","url":"https:\/\/simplepadel.com\/","name":"SimplePadel","description":"Todo Padel, \u00a1es SimplePadel!","publisher":{"@id":"https:\/\/simplepadel.com\/#organization"},"potentialAction":[{"@type":"SearchAction","target":{"@type":"EntryPoint","urlTemplate":"https:\/\/simplepadel.com\/?s={search_term_string}"},"query-input":{"@type":"PropertyValueSpecification","valueRequired":true,"valueName":"search_term_string"}}],"inLanguage":"es"},{"@type":"Organization","@id":"https:\/\/simplepadel.com\/#organization","name":"SimplePadel","url":"https:\/\/simplepadel.com\/","logo":{"@type":"ImageObject","inLanguage":"es","@id":"https:\/\/simplepadel.com\/#\/schema\/logo\/image\/","url":"https:\/\/simplepadel.com\/wp-content\/uploads\/2022\/02\/padel-icon.png","contentUrl":"https:\/\/simplepadel.com\/wp-content\/uploads\/2022\/02\/padel-icon.png","width":600,"height":600,"caption":"SimplePadel"},"image":{"@id":"https:\/\/simplepadel.com\/#\/schema\/logo\/image\/"},"sameAs":["https:\/\/www.facebook.com\/SimplePadel\/"]}]}},"yoast_title":"%%title%% us %%sep%% %%sitename%%","yoast_description":"Created by players, for players. We have reviews of rackets, shoes and accessories as well as guides that will help you improve your game.","yoast_keyword":"","_links":{"self":[{"href":"https:\/\/simplepadel.com\/es\/wp-json\/wp\/v2\/pages\/49","targetHints":{"allow":["GET"]}}],"collection":[{"href":"https:\/\/simplepadel.com\/es\/wp-json\/wp\/v2\/pages"}],"about":[{"href":"https:\/\/simplepadel.com\/es\/wp-json\/wp\/v2\/types\/page"}],"author":[{"embeddable":true,"href":"https:\/\/simplepadel.com\/es\/wp-json\/wp\/v2\/users\/2"}],"replies":[{"embeddable":true,"href":"https:\/\/simplepadel.com\/es\/wp-json\/wp\/v2\/comments?post=49"}],"version-history":[{"count":9,"href":"https:\/\/simplepadel.com\/es\/wp-json\/wp\/v2\/pages\/49\/revisions"}],"predecessor-version":[{"id":2370,"href":"https:\/\/simplepadel.com\/es\/wp-json\/wp\/v2\/pages\/49\/revisions\/2370"}],"wp:attachment":[{"href":"https:\/\/simplepadel.com\/es\/wp-json\/wp\/v2\/media?parent=49"}],"curies":[{"name":"wp","href":"https:\/\/api.w.org\/{rel}","templated":true}]}}